{"id":5349,"date":"2020-04-09T11:04:59","date_gmt":"2020-04-09T11:04:59","guid":{"rendered":"https:\/\/smartingo.com\/o-nama\/"},"modified":"2022-05-20T05:49:38","modified_gmt":"2022-05-20T05:49:38","slug":"o-nama","status":"publish","type":"page","link":"https:\/\/smartingo.com\/hr\/o-nama\/","title":{"rendered":"O nama"},"content":{"rendered":"\t\t<div data-elementor-type=\"wp-page\" data-elementor-id=\"5349\" class=\"elementor elementor-5349 elementor-9\" data-elementor-post-type=\"page\">\n\t\t\t\t\t\t<section class=\"elementor-section elementor-top-section elementor-element elementor-element-a4e594a elementor-section-boxed elementor-section-height-default elementor-section-height-default\" data-id=\"a4e594a\" data-element_type=\"section\">\n\t\t\t\t\t\t<div class=\"elementor-container elementor-column-gap-default\">\n\t\t\t\t\t<div class=\"elementor-column elementor-col-100 elementor-top-column elementor-element elementor-element-69df9ad\" data-id=\"69df9ad\" data-element_type=\"column\">\n\t\t\t<div class=\"elementor-widget-wrap elementor-element-populated\">\n\t\t\t\t\t\t<section class=\"elementor-section elementor-inner-section elementor-element elementor-element-72c6a37 elementor-section-boxed elementor-section-height-default elementor-section-height-default\" data-id=\"72c6a37\" data-element_type=\"section\">\n\t\t\t\t\t\t<div class=\"elementor-container elementor-column-gap-default\">\n\t\t\t\t\t<div class=\"elementor-column elementor-col-50 elementor-inner-column elementor-element elementor-element-3721aa5\" data-id=\"3721aa5\" data-element_type=\"column\">\n\t\t\t<div class=\"elementor-widget-wrap elementor-element-populated\">\n\t\t\t\t\t\t<div class=\"elementor-element elementor-element-196e29d elementor-widget elementor-widget-heading\" data-id=\"196e29d\" data-element_type=\"widget\" data-widget_type=\"heading.default\">\n\t\t\t\t<div class=\"elementor-widget-container\">\n\t\t\t\t\t<h2 class=\"elementor-heading-title elementor-size-default\">O nama<\/h2>\t\t\t\t<\/div>\n\t\t\t\t<\/div>\n\t\t\t\t<div class=\"elementor-element elementor-element-3b9e29c elementor-widget elementor-widget-text-editor\" data-id=\"3b9e29c\" data-element_type=\"widget\" data-widget_type=\"text-editor.default\">\n\t\t\t\t<div class=\"elementor-widget-container\">\n\t\t\t\t\t\t\t\t\t<p><span style=\"font-weight: 400;\">Smartingo je digital marketing agencija u Irskoj s predstavni\u0161tvom u Velikoj Britaniji i Hrvatskoj,<\/span><\/p><p><span style=\"font-size: 16px; font-weight: 400;\">Okupljamo tim stru\u010dnjaka s iskustvom na tr\u017ei\u0161tima Velike Britanije, SAD, Rusije, Italije, Slovenije i Hrvatske. U zadnjih 20-tak godina skupili smo prili\u010dno iskustva iz podru\u010dja digitalnog marketinga u turizmu, koje \u017eelimo podijeliti s Vama.<\/span><\/p><p><span style=\"font-size: 16px; font-weight: 400;\">Na\u0161 tim odlikuje smart marketing pristup, kojem je glavni cilj pove\u0107anje dobiti na\u0161im Klijentima.<\/span><\/p><p><span style=\"font-weight: 400;\">Javite nam se za besplatnu konzultaciju kako vama mo\u017eemo pomo\u0107i.<\/span><\/p>\t\t\t\t\t\t\t\t<\/div>\n\t\t\t\t<\/div>\n\t\t\t\t\t<\/div>\n\t\t<\/div>\n\t\t\t\t<div class=\"elementor-column elementor-col-50 elementor-inner-column elementor-element elementor-element-c0f77d0\" data-id=\"c0f77d0\" data-element_type=\"column\">\n\t\t\t<div class=\"elementor-widget-wrap elementor-element-populated\">\n\t\t\t\t\t\t<div class=\"elementor-element elementor-element-70444d8 elementor-widget elementor-widget-image\" data-id=\"70444d8\" data-element_type=\"widget\" data-widget_type=\"image.default\">\n\t\t\t\t<div class=\"elementor-widget-container\">\n\t\t\t\t\t\t\t\t\t\t\t\t\t\t\t<img fetchpriority=\"high\" decoding=\"async\" width=\"880\" height=\"586\" src=\"https:\/\/smartingo.com\/wp-content\/uploads\/2020\/04\/smartingo-about-us.jpg\" class=\"attachment-large size-large wp-image-5299\" alt=\"\" srcset=\"https:\/\/smartingo.com\/wp-content\/uploads\/2020\/04\/smartingo-about-us.jpg 880w, https:\/\/smartingo.com\/wp-content\/uploads\/2020\/04\/smartingo-about-us-300x200.jpg 300w, https:\/\/smartingo.com\/wp-content\/uploads\/2020\/04\/smartingo-about-us-768x511.jpg 768w\" sizes=\"(max-width: 880px) 100vw, 880px\" \/>\t\t\t\t\t\t\t\t\t\t\t\t\t\t\t<\/div>\n\t\t\t\t<\/div>\n\t\t\t\t\t<\/div>\n\t\t<\/div>\n\t\t\t\t\t<\/div>\n\t\t<\/section>\n\t\t\t\t\t<\/div>\n\t\t<\/div>\n\t\t\t\t\t<\/div>\n\t\t<\/section>\n\t\t\t\t<section class=\"elementor-section elementor-top-section elementor-element elementor-element-42b8cd36 elementor-section-stretched elementor-section-boxed elementor-section-height-default elementor-section-height-default\" data-id=\"42b8cd36\" data-element_type=\"section\" data-settings=\"{&quot;stretch_section&quot;:&quot;section-stretched&quot;,&quot;background_background&quot;:&quot;classic&quot;}\">\n\t\t\t\t\t\t<div class=\"elementor-container elementor-column-gap-default\">\n\t\t\t\t\t<div class=\"elementor-column elementor-col-100 elementor-top-column elementor-element elementor-element-6d1d65da\" data-id=\"6d1d65da\" data-element_type=\"column\">\n\t\t\t<div class=\"elementor-widget-wrap elementor-element-populated\">\n\t\t\t\t\t\t<section class=\"elementor-section elementor-inner-section elementor-element elementor-element-9428657 elementor-section-boxed elementor-section-height-default elementor-section-height-default\" data-id=\"9428657\" data-element_type=\"section\">\n\t\t\t\t\t\t<div class=\"elementor-container elementor-column-gap-default\">\n\t\t\t\t\t<div class=\"elementor-column elementor-col-50 elementor-inner-column elementor-element elementor-element-ae1e5e8\" data-id=\"ae1e5e8\" data-element_type=\"column\">\n\t\t\t<div class=\"elementor-widget-wrap elementor-element-populated\">\n\t\t\t\t\t\t<div class=\"elementor-element elementor-element-32aa2fa4 elementor-widget elementor-widget-heading\" data-id=\"32aa2fa4\" data-element_type=\"widget\" data-widget_type=\"heading.default\">\n\t\t\t\t<div class=\"elementor-widget-container\">\n\t\t\t\t\t<h2 class=\"elementor-heading-title elementor-size-default\">Kontaktirajte nas za besplatne konzultacije<\/h2>\t\t\t\t<\/div>\n\t\t\t\t<\/div>\n\t\t\t\t\t<\/div>\n\t\t<\/div>\n\t\t\t\t<div class=\"elementor-column elementor-col-50 elementor-inner-column elementor-element elementor-element-635caa53\" data-id=\"635caa53\" data-element_type=\"column\">\n\t\t\t<div class=\"elementor-widget-wrap elementor-element-populated\">\n\t\t\t\t\t\t<div class=\"elementor-element elementor-element-28e5f067 elementor-align-center elementor-widget elementor-widget-button\" data-id=\"28e5f067\" data-element_type=\"widget\" data-widget_type=\"button.default\">\n\t\t\t\t<div class=\"elementor-widget-container\">\n\t\t\t\t\t\t\t\t\t<div class=\"elementor-button-wrapper\">\n\t\t\t\t\t<a class=\"elementor-button elementor-button-link elementor-size-sm\" href=\"https:\/\/smartingo.com\/contact\/\">\n\t\t\t\t\t\t<span class=\"elementor-button-content-wrapper\">\n\t\t\t\t\t\t\t\t\t<span class=\"elementor-button-text\">Kontaktirajte nas<\/span>\n\t\t\t\t\t<\/span>\n\t\t\t\t\t<\/a>\n\t\t\t\t<\/div>\n\t\t\t\t\t\t\t\t<\/div>\n\t\t\t\t<\/div>\n\t\t\t\t\t<\/div>\n\t\t<\/div>\n\t\t\t\t\t<\/div>\n\t\t<\/section>\n\t\t\t\t\t<\/div>\n\t\t<\/div>\n\t\t\t\t\t<\/div>\n\t\t<\/section>\n\t\t\t\t<\/div>\n\t\t","protected":false},"excerpt":{"rendered":"<p>O nama Smartingo je digital marketing agencija u Irskoj s predstavni\u0161tvom u Velikoj Britaniji i Hrvatskoj, Okupljamo tim stru\u010dnjaka s iskustvom na tr\u017ei\u0161tima Velike Britanije, SAD, Rusije, Italije, Slovenije i Hrvatske. U zadnjih 20-tak godina skupili smo prili\u010dno iskustva iz podru\u010dja digitalnog marketinga u turizmu, koje \u017eelimo podijeliti s Vama. Na\u0161 tim odlikuje smart marketing [&hellip;]<\/p>\n","protected":false},"author":1,"featured_media":0,"parent":0,"menu_order":0,"comment_status":"closed","ping_status":"closed","template":"","meta":{"site-sidebar-layout":"no-sidebar","site-content-layout":"page-builder","ast-site-content-layout":"default","site-content-style":"default","site-sidebar-style":"default","ast-global-header-display":"","ast-banner-title-visibility":"","ast-main-header-display":"","ast-hfb-above-header-display":"","ast-hfb-below-header-display":"","ast-hfb-mobile-header-display":"","site-post-title":"disabled","ast-breadcrumbs-content":"","ast-featured-img":"disabled","footer-sml-layout":"","theme-transparent-header-meta":"","adv-header-id-meta":"","stick-header-meta":"","header-above-stick-meta":"","header-main-stick-meta":"","header-below-stick-meta":"","astra-migrate-meta-layouts":"default","ast-page-background-enabled":"default","ast-page-background-meta":{"desktop":{"background-color":"","background-image":"","background-repeat":"repeat","background-position":"center center","background-size":"auto","background-attachment":"scroll","background-type":"","background-media":"","overlay-type":"","overlay-color":"","overlay-opacity":"","overlay-gradient":""},"tablet":{"background-color":"","background-image":"","background-repeat":"repeat","background-position":"center center","background-size":"auto","background-attachment":"scroll","background-type":"","background-media":"","overlay-type":"","overlay-color":"","overlay-opacity":"","overlay-gradient":""},"mobile":{"background-color":"","background-image":"","background-repeat":"repeat","background-position":"center center","background-size":"auto","background-attachment":"scroll","background-type":"","background-media":"","overlay-type":"","overlay-color":"","overlay-opacity":"","overlay-gradient":""}},"ast-content-background-meta":{"desktop":{"background-color":"var(--ast-global-color-5)","background-image":"","background-repeat":"repeat","background-position":"center center","background-size":"auto","background-attachment":"scroll","background-type":"","background-media":"","overlay-type":"","overlay-color":"","overlay-opacity":"","overlay-gradient":""},"tablet":{"background-color":"var(--ast-global-color-5)","background-image":"","background-repeat":"repeat","background-position":"center center","background-size":"auto","background-attachment":"scroll","background-type":"","background-media":"","overlay-type":"","overlay-color":"","overlay-opacity":"","overlay-gradient":""},"mobile":{"background-color":"var(--ast-global-color-5)","background-image":"","background-repeat":"repeat","background-position":"center center","background-size":"auto","background-attachment":"scroll","background-type":"","background-media":"","overlay-type":"","overlay-color":"","overlay-opacity":"","overlay-gradient":""}},"footnotes":""},"class_list":["post-5349","page","type-page","status-publish","hentry"],"yoast_head":"<!-- This site is optimized with the Yoast SEO plugin v25.6 - https:\/\/yoast.com\/wordpress\/plugins\/seo\/ -->\n<title>O nama - Smartingo<\/title>\n<meta name=\"robots\" content=\"index, follow, max-snippet:-1, max-image-preview:large, max-video-preview:-1\" \/>\n<link rel=\"canonical\" href=\"https:\/\/smartingo.com\/hr\/o-nama\/\" \/>\n<meta property=\"og:locale\" content=\"hr_HR\" \/>\n<meta property=\"og:type\" content=\"article\" \/>\n<meta property=\"og:title\" content=\"O nama - Smartingo\" \/>\n<meta property=\"og:description\" content=\"O nama Smartingo je digital marketing agencija u Irskoj s predstavni\u0161tvom u Velikoj Britaniji i Hrvatskoj, Okupljamo tim stru\u010dnjaka s iskustvom na tr\u017ei\u0161tima Velike Britanije, SAD, Rusije, Italije, Slovenije i Hrvatske. U zadnjih 20-tak godina skupili smo prili\u010dno iskustva iz podru\u010dja digitalnog marketinga u turizmu, koje \u017eelimo podijeliti s Vama. Na\u0161 tim odlikuje smart marketing [&hellip;]\" \/>\n<meta property=\"og:url\" content=\"https:\/\/smartingo.com\/hr\/o-nama\/\" \/>\n<meta property=\"og:site_name\" content=\"Smartingo\" \/>\n<meta property=\"article:publisher\" content=\"https:\/\/web.facebook.com\/smartingomarketing\" \/>\n<meta property=\"article:modified_time\" content=\"2022-05-20T05:49:38+00:00\" \/>\n<meta property=\"og:image\" content=\"https:\/\/smartingo.com\/wp-content\/uploads\/2020\/04\/smartingo-about-us.jpg\" \/>\n<meta name=\"twitter:card\" content=\"summary_large_image\" \/>\n<script type=\"application\/ld+json\" class=\"yoast-schema-graph\">{\"@context\":\"https:\/\/schema.org\",\"@graph\":[{\"@type\":\"WebPage\",\"@id\":\"https:\/\/smartingo.com\/hr\/o-nama\/\",\"url\":\"https:\/\/smartingo.com\/hr\/o-nama\/\",\"name\":\"O nama - Smartingo\",\"isPartOf\":{\"@id\":\"https:\/\/smartingo.com\/#website\"},\"primaryImageOfPage\":{\"@id\":\"https:\/\/smartingo.com\/hr\/o-nama\/#primaryimage\"},\"image\":{\"@id\":\"https:\/\/smartingo.com\/hr\/o-nama\/#primaryimage\"},\"thumbnailUrl\":\"https:\/\/smartingo.com\/wp-content\/uploads\/2020\/04\/smartingo-about-us.jpg\",\"datePublished\":\"2020-04-09T11:04:59+00:00\",\"dateModified\":\"2022-05-20T05:49:38+00:00\",\"breadcrumb\":{\"@id\":\"https:\/\/smartingo.com\/hr\/o-nama\/#breadcrumb\"},\"inLanguage\":\"hr\",\"potentialAction\":[{\"@type\":\"ReadAction\",\"target\":[\"https:\/\/smartingo.com\/hr\/o-nama\/\"]}]},{\"@type\":\"ImageObject\",\"inLanguage\":\"hr\",\"@id\":\"https:\/\/smartingo.com\/hr\/o-nama\/#primaryimage\",\"url\":\"https:\/\/smartingo.com\/wp-content\/uploads\/2020\/04\/smartingo-about-us.jpg\",\"contentUrl\":\"https:\/\/smartingo.com\/wp-content\/uploads\/2020\/04\/smartingo-about-us.jpg\"},{\"@type\":\"BreadcrumbList\",\"@id\":\"https:\/\/smartingo.com\/hr\/o-nama\/#breadcrumb\",\"itemListElement\":[{\"@type\":\"ListItem\",\"position\":1,\"name\":\"Home\",\"item\":\"https:\/\/smartingo.com\/hr\/pocetna\/\"},{\"@type\":\"ListItem\",\"position\":2,\"name\":\"O nama\"}]},{\"@type\":\"WebSite\",\"@id\":\"https:\/\/smartingo.com\/#website\",\"url\":\"https:\/\/smartingo.com\/\",\"name\":\"Smartingo\",\"description\":\"Internet Marketing Agency\",\"publisher\":{\"@id\":\"https:\/\/smartingo.com\/#organization\"},\"potentialAction\":[{\"@type\":\"SearchAction\",\"target\":{\"@type\":\"EntryPoint\",\"urlTemplate\":\"https:\/\/smartingo.com\/?s={search_term_string}\"},\"query-input\":{\"@type\":\"PropertyValueSpecification\",\"valueRequired\":true,\"valueName\":\"search_term_string\"}}],\"inLanguage\":\"hr\"},{\"@type\":\"Organization\",\"@id\":\"https:\/\/smartingo.com\/#organization\",\"name\":\"Smartingo\",\"url\":\"https:\/\/smartingo.com\/\",\"logo\":{\"@type\":\"ImageObject\",\"inLanguage\":\"hr\",\"@id\":\"https:\/\/smartingo.com\/#\/schema\/logo\/image\/\",\"url\":\"https:\/\/smartingo.com\/wp-content\/uploads\/2020\/04\/cropped-Logo-CDST-png512.png\",\"contentUrl\":\"https:\/\/smartingo.com\/wp-content\/uploads\/2020\/04\/cropped-Logo-CDST-png512.png\",\"width\":512,\"height\":512,\"caption\":\"Smartingo\"},\"image\":{\"@id\":\"https:\/\/smartingo.com\/#\/schema\/logo\/image\/\"},\"sameAs\":[\"https:\/\/web.facebook.com\/smartingomarketing\",\"https:\/\/www.instagram.com\/smartingomarketing\/\"]}]}<\/script>\n<!-- \/ Yoast SEO plugin. -->","yoast_head_json":{"title":"O nama - Smartingo","robots":{"index":"index","follow":"follow","max-snippet":"max-snippet:-1","max-image-preview":"max-image-preview:large","max-video-preview":"max-video-preview:-1"},"canonical":"https:\/\/smartingo.com\/hr\/o-nama\/","og_locale":"hr_HR","og_type":"article","og_title":"O nama - Smartingo","og_description":"O nama Smartingo je digital marketing agencija u Irskoj s predstavni\u0161tvom u Velikoj Britaniji i Hrvatskoj, Okupljamo tim stru\u010dnjaka s iskustvom na tr\u017ei\u0161tima Velike Britanije, SAD, Rusije, Italije, Slovenije i Hrvatske. U zadnjih 20-tak godina skupili smo prili\u010dno iskustva iz podru\u010dja digitalnog marketinga u turizmu, koje \u017eelimo podijeliti s Vama. Na\u0161 tim odlikuje smart marketing [&hellip;]","og_url":"https:\/\/smartingo.com\/hr\/o-nama\/","og_site_name":"Smartingo","article_publisher":"https:\/\/web.facebook.com\/smartingomarketing","article_modified_time":"2022-05-20T05:49:38+00:00","og_image":[{"url":"https:\/\/smartingo.com\/wp-content\/uploads\/2020\/04\/smartingo-about-us.jpg","type":"","width":"","height":""}],"twitter_card":"summary_large_image","schema":{"@context":"https:\/\/schema.org","@graph":[{"@type":"WebPage","@id":"https:\/\/smartingo.com\/hr\/o-nama\/","url":"https:\/\/smartingo.com\/hr\/o-nama\/","name":"O nama - Smartingo","isPartOf":{"@id":"https:\/\/smartingo.com\/#website"},"primaryImageOfPage":{"@id":"https:\/\/smartingo.com\/hr\/o-nama\/#primaryimage"},"image":{"@id":"https:\/\/smartingo.com\/hr\/o-nama\/#primaryimage"},"thumbnailUrl":"https:\/\/smartingo.com\/wp-content\/uploads\/2020\/04\/smartingo-about-us.jpg","datePublished":"2020-04-09T11:04:59+00:00","dateModified":"2022-05-20T05:49:38+00:00","breadcrumb":{"@id":"https:\/\/smartingo.com\/hr\/o-nama\/#breadcrumb"},"inLanguage":"hr","potentialAction":[{"@type":"ReadAction","target":["https:\/\/smartingo.com\/hr\/o-nama\/"]}]},{"@type":"ImageObject","inLanguage":"hr","@id":"https:\/\/smartingo.com\/hr\/o-nama\/#primaryimage","url":"https:\/\/smartingo.com\/wp-content\/uploads\/2020\/04\/smartingo-about-us.jpg","contentUrl":"https:\/\/smartingo.com\/wp-content\/uploads\/2020\/04\/smartingo-about-us.jpg"},{"@type":"BreadcrumbList","@id":"https:\/\/smartingo.com\/hr\/o-nama\/#breadcrumb","itemListElement":[{"@type":"ListItem","position":1,"name":"Home","item":"https:\/\/smartingo.com\/hr\/pocetna\/"},{"@type":"ListItem","position":2,"name":"O nama"}]},{"@type":"WebSite","@id":"https:\/\/smartingo.com\/#website","url":"https:\/\/smartingo.com\/","name":"Smartingo","description":"Internet Marketing Agency","publisher":{"@id":"https:\/\/smartingo.com\/#organization"},"potentialAction":[{"@type":"SearchAction","target":{"@type":"EntryPoint","urlTemplate":"https:\/\/smartingo.com\/?s={search_term_string}"},"query-input":{"@type":"PropertyValueSpecification","valueRequired":true,"valueName":"search_term_string"}}],"inLanguage":"hr"},{"@type":"Organization","@id":"https:\/\/smartingo.com\/#organization","name":"Smartingo","url":"https:\/\/smartingo.com\/","logo":{"@type":"ImageObject","inLanguage":"hr","@id":"https:\/\/smartingo.com\/#\/schema\/logo\/image\/","url":"https:\/\/smartingo.com\/wp-content\/uploads\/2020\/04\/cropped-Logo-CDST-png512.png","contentUrl":"https:\/\/smartingo.com\/wp-content\/uploads\/2020\/04\/cropped-Logo-CDST-png512.png","width":512,"height":512,"caption":"Smartingo"},"image":{"@id":"https:\/\/smartingo.com\/#\/schema\/logo\/image\/"},"sameAs":["https:\/\/web.facebook.com\/smartingomarketing","https:\/\/www.instagram.com\/smartingomarketing\/"]}]}},"_links":{"self":[{"href":"https:\/\/smartingo.com\/hr\/wp-json\/wp\/v2\/pages\/5349","targetHints":{"allow":["GET"]}}],"collection":[{"href":"https:\/\/smartingo.com\/hr\/wp-json\/wp\/v2\/pages"}],"about":[{"href":"https:\/\/smartingo.com\/hr\/wp-json\/wp\/v2\/types\/page"}],"author":[{"embeddable":true,"href":"https:\/\/smartingo.com\/hr\/wp-json\/wp\/v2\/users\/1"}],"replies":[{"embeddable":true,"href":"https:\/\/smartingo.com\/hr\/wp-json\/wp\/v2\/comments?post=5349"}],"version-history":[{"count":13,"href":"https:\/\/smartingo.com\/hr\/wp-json\/wp\/v2\/pages\/5349\/revisions"}],"predecessor-version":[{"id":5487,"href":"https:\/\/smartingo.com\/hr\/wp-json\/wp\/v2\/pages\/5349\/revisions\/5487"}],"wp:attachment":[{"href":"https:\/\/smartingo.com\/hr\/wp-json\/wp\/v2\/media?parent=5349"}],"curies":[{"name":"wp","href":"https:\/\/api.w.org\/{rel}","templated":true}]}}