{"id":5410,"date":"2020-04-17T12:30:30","date_gmt":"2020-04-17T12:30:30","guid":{"rendered":"https:\/\/smartingo.com\/trikovi-i-savjeti\/"},"modified":"2022-05-02T12:35:16","modified_gmt":"2022-05-02T12:35:16","slug":"trikovi-i-savjeti","status":"publish","type":"page","link":"https:\/\/smartingo.com\/hr\/trikovi-i-savjeti\/","title":{"rendered":"Trikovi i savjeti"},"content":{"rendered":"\t\t<div data-elementor-type=\"wp-page\" data-elementor-id=\"5410\" class=\"elementor elementor-5410 elementor-2542\" data-elementor-post-type=\"page\">\n\t\t\t\t\t\t<section class=\"elementor-section elementor-top-section elementor-element elementor-element-46855ca elementor-section-boxed elementor-section-height-default elementor-section-height-default\" data-id=\"46855ca\" data-element_type=\"section\">\n\t\t\t\t\t\t<div class=\"elementor-container elementor-column-gap-default\">\n\t\t\t\t\t<div class=\"elementor-column elementor-col-100 elementor-top-column elementor-element elementor-element-71edf72\" data-id=\"71edf72\" data-element_type=\"column\">\n\t\t\t<div class=\"elementor-widget-wrap elementor-element-populated\">\n\t\t\t\t\t\t<div class=\"elementor-element elementor-element-b6ec2d1 elementor-widget elementor-widget-heading\" data-id=\"b6ec2d1\" data-element_type=\"widget\" data-widget_type=\"heading.default\">\n\t\t\t\t<div class=\"elementor-widget-container\">\n\t\t\t\t\t<h2 class=\"elementor-heading-title elementor-size-default\">Trikovi i savjeti<\/h2>\t\t\t\t<\/div>\n\t\t\t\t<\/div>\n\t\t\t\t\t<\/div>\n\t\t<\/div>\n\t\t\t\t\t<\/div>\n\t\t<\/section>\n\t\t\t\t<section class=\"elementor-section elementor-top-section elementor-element elementor-element-d6dd74f elementor-section-boxed elementor-section-height-default elementor-section-height-default\" data-id=\"d6dd74f\" data-element_type=\"section\">\n\t\t\t\t\t\t<div class=\"elementor-container elementor-column-gap-default\">\n\t\t\t\t\t<div class=\"elementor-column elementor-col-100 elementor-top-column elementor-element elementor-element-bc9051c\" data-id=\"bc9051c\" data-element_type=\"column\">\n\t\t\t<div class=\"elementor-widget-wrap elementor-element-populated\">\n\t\t\t\t\t\t<div class=\"elementor-element elementor-element-ef3d490 elementor-grid-3 elementor-grid-tablet-2 elementor-grid-mobile-1 elementor-posts--thumbnail-top elementor-widget elementor-widget-posts\" data-id=\"ef3d490\" data-element_type=\"widget\" data-settings=\"{&quot;pagination_type&quot;:&quot;numbers&quot;,&quot;classic_columns&quot;:&quot;3&quot;,&quot;classic_columns_tablet&quot;:&quot;2&quot;,&quot;classic_columns_mobile&quot;:&quot;1&quot;,&quot;classic_row_gap&quot;:{&quot;unit&quot;:&quot;px&quot;,&quot;size&quot;:35,&quot;sizes&quot;:[]},&quot;classic_row_gap_tablet&quot;:{&quot;unit&quot;:&quot;px&quot;,&quot;size&quot;:&quot;&quot;,&quot;sizes&quot;:[]},&quot;classic_row_gap_mobile&quot;:{&quot;unit&quot;:&quot;px&quot;,&quot;size&quot;:&quot;&quot;,&quot;sizes&quot;:[]}}\" data-widget_type=\"posts.classic\">\n\t\t\t\t<div class=\"elementor-widget-container\">\n\t\t\t\t\t\t\t<div class=\"elementor-posts-container elementor-posts elementor-posts--skin-classic elementor-grid\" role=\"list\">\n\t\t\t\t<article class=\"elementor-post elementor-grid-item post-5728 post type-post status-publish format-standard has-post-thumbnail hentry category-restorani category-savjeti\" role=\"listitem\">\n\t\t\t\t<a class=\"elementor-post__thumbnail__link\" href=\"https:\/\/smartingo.com\/hr\/kako-biti-prvi-na-google-u\/\" tabindex=\"-1\" >\n\t\t\t<div class=\"elementor-post__thumbnail\"><img fetchpriority=\"high\" decoding=\"async\" width=\"1536\" height=\"767\" src=\"https:\/\/smartingo.com\/wp-content\/uploads\/2022\/05\/google.jpg\" class=\"attachment-full size-full wp-image-5687\" alt=\"\" srcset=\"https:\/\/smartingo.com\/wp-content\/uploads\/2022\/05\/google.jpg 1536w, https:\/\/smartingo.com\/wp-content\/uploads\/2022\/05\/google-300x150.jpg 300w, https:\/\/smartingo.com\/wp-content\/uploads\/2022\/05\/google-1024x511.jpg 1024w, https:\/\/smartingo.com\/wp-content\/uploads\/2022\/05\/google-768x384.jpg 768w\" sizes=\"(max-width: 1536px) 100vw, 1536px\" \/><\/div>\n\t\t<\/a>\n\t\t\t\t<div class=\"elementor-post__text\">\n\t\t\t\t<h3 class=\"elementor-post__title\">\n\t\t\t<a href=\"https:\/\/smartingo.com\/hr\/kako-biti-prvi-na-google-u\/\" >\n\t\t\t\tKako biti prvi na Google-u?\t\t\t<\/a>\n\t\t<\/h3>\n\t\t\t\t<div class=\"elementor-post__excerpt\">\n\t\t\t<p>Odgovor je jednostavan: ne postoji na\u010din \u2026 za odgovoriti na to pitanje, jer je pogre\u0161no formulirano. Pravo pitanje je kako do\u0107i do prve pozicije na Googleu \u201cza relevantnu klju\u010dnu rije\u010d\u201d &#8230;<\/p>\n\t\t<\/div>\n\t\t\n\t\t<a class=\"elementor-post__read-more\" href=\"https:\/\/smartingo.com\/hr\/kako-biti-prvi-na-google-u\/\" aria-label=\"Read more about Kako biti prvi na Google-u?\" tabindex=\"-1\" >\n\t\t\tVi\u0161e &gt;&gt;\t\t<\/a>\n\n\t\t\t\t<\/div>\n\t\t\t\t<\/article>\n\t\t\t\t<article class=\"elementor-post elementor-grid-item post-5730 post type-post status-publish format-standard has-post-thumbnail hentry category-restorani category-savjeti\" role=\"listitem\">\n\t\t\t\t<a class=\"elementor-post__thumbnail__link\" href=\"https:\/\/smartingo.com\/hr\/kako-privuci-vise-gostiju-pomocu-tripadvisora\/\" tabindex=\"-1\" >\n\t\t\t<div class=\"elementor-post__thumbnail\"><img decoding=\"async\" width=\"816\" height=\"546\" src=\"https:\/\/smartingo.com\/wp-content\/uploads\/2020\/04\/tripadvisor.jpg\" class=\"attachment-full size-full wp-image-5521\" alt=\"\" srcset=\"https:\/\/smartingo.com\/wp-content\/uploads\/2020\/04\/tripadvisor.jpg 816w, https:\/\/smartingo.com\/wp-content\/uploads\/2020\/04\/tripadvisor-300x201.jpg 300w, https:\/\/smartingo.com\/wp-content\/uploads\/2020\/04\/tripadvisor-768x514.jpg 768w\" sizes=\"(max-width: 816px) 100vw, 816px\" \/><\/div>\n\t\t<\/a>\n\t\t\t\t<div class=\"elementor-post__text\">\n\t\t\t\t<h3 class=\"elementor-post__title\">\n\t\t\t<a href=\"https:\/\/smartingo.com\/hr\/kako-privuci-vise-gostiju-pomocu-tripadvisora\/\" >\n\t\t\t\tKako privu\u0107i vi\u0161e gostiju pomo\u0107u TripAdvisora?\t\t\t<\/a>\n\t\t<\/h3>\n\t\t\t\t<div class=\"elementor-post__excerpt\">\n\t\t\t<p>TripAdvisor je me\u0111u najja\u010dim marketin\u0161kim kanalima za privla\u010denje turista &#8211; jer turisti vi\u0161e vjeruju recenzijama drugih turista nego ogla\u0161avanju. Ovo su klju\u010dni koraci kako do\u0107i do vi\u0161e gostiju preko TripAdvisora &#8230;<\/p>\n\t\t<\/div>\n\t\t\n\t\t<a class=\"elementor-post__read-more\" href=\"https:\/\/smartingo.com\/hr\/kako-privuci-vise-gostiju-pomocu-tripadvisora\/\" aria-label=\"Read more about Kako privu\u0107i vi\u0161e gostiju pomo\u0107u TripAdvisora?\" tabindex=\"-1\" >\n\t\t\tVi\u0161e &gt;&gt;\t\t<\/a>\n\n\t\t\t\t<\/div>\n\t\t\t\t<\/article>\n\t\t\t\t<article class=\"elementor-post elementor-grid-item post-5360 post type-post status-publish format-standard has-post-thumbnail hentry category-restorani category-savjeti\" role=\"listitem\">\n\t\t\t\t<a class=\"elementor-post__thumbnail__link\" href=\"https:\/\/smartingo.com\/hr\/case-study-marketinga-restorana-od-368-do-3-na-tripadvisoru\/\" tabindex=\"-1\" >\n\t\t\t<div class=\"elementor-post__thumbnail\"><img decoding=\"async\" width=\"816\" height=\"491\" src=\"https:\/\/smartingo.com\/wp-content\/uploads\/2020\/04\/tripadvisor-1.jpg\" class=\"attachment-full size-full wp-image-5530\" alt=\"\" srcset=\"https:\/\/smartingo.com\/wp-content\/uploads\/2020\/04\/tripadvisor-1.jpg 816w, https:\/\/smartingo.com\/wp-content\/uploads\/2020\/04\/tripadvisor-1-300x181.jpg 300w, https:\/\/smartingo.com\/wp-content\/uploads\/2020\/04\/tripadvisor-1-768x462.jpg 768w\" sizes=\"(max-width: 816px) 100vw, 816px\" \/><\/div>\n\t\t<\/a>\n\t\t\t\t<div class=\"elementor-post__text\">\n\t\t\t\t<h3 class=\"elementor-post__title\">\n\t\t\t<a href=\"https:\/\/smartingo.com\/hr\/case-study-marketinga-restorana-od-368-do-3-na-tripadvisoru\/\" >\n\t\t\t\tCase study marketinga restorana: od #368 do #3 na TripAdvisoru\t\t\t<\/a>\n\t\t<\/h3>\n\t\t\t\t<div class=\"elementor-post__excerpt\">\n\t\t\t<p>Kako je restoran sko\u010dio s #368 na #3 na TripAdvisoru, dobio 6.887 walk-in gostiju i 418 online rezervacija<\/p>\n\t\t<\/div>\n\t\t\n\t\t<a class=\"elementor-post__read-more\" href=\"https:\/\/smartingo.com\/hr\/case-study-marketinga-restorana-od-368-do-3-na-tripadvisoru\/\" aria-label=\"Read more about Case study marketinga restorana: od #368 do #3 na TripAdvisoru\" tabindex=\"-1\" >\n\t\t\tVi\u0161e &gt;&gt;\t\t<\/a>\n\n\t\t\t\t<\/div>\n\t\t\t\t<\/article>\n\t\t\t\t<\/div>\n\t\t\n\t\t\t\t\t\t<\/div>\n\t\t\t\t<\/div>\n\t\t\t\t\t<\/div>\n\t\t<\/div>\n\t\t\t\t\t<\/div>\n\t\t<\/section>\n\t\t\t\t<\/div>\n\t\t","protected":false},"excerpt":{"rendered":"<p>Trikovi i savjeti<\/p>\n","protected":false},"author":1,"featured_media":0,"parent":0,"menu_order":0,"comment_status":"closed","ping_status":"closed","template":"","meta":{"site-sidebar-layout":"no-sidebar","site-content-layout":"page-builder","ast-site-content-layout":"default","site-content-style":"default","site-sidebar-style":"default","ast-global-header-display":"","ast-banner-title-visibility":"","ast-main-header-display":"","ast-hfb-above-header-display":"","ast-hfb-below-header-display":"","ast-hfb-mobile-header-display":"","site-post-title":"disabled","ast-breadcrumbs-content":"","ast-featured-img":"disabled","footer-sml-layout":"","theme-transparent-header-meta":"default","adv-header-id-meta":"","stick-header-meta":"default","header-above-stick-meta":"","header-main-stick-meta":"","header-below-stick-meta":"","astra-migrate-meta-layouts":"default","ast-page-background-enabled":"default","ast-page-background-meta":{"desktop":{"background-color":"","background-image":"","background-repeat":"repeat","background-position":"center center","background-size":"auto","background-attachment":"scroll","background-type":"","background-media":"","overlay-type":"","overlay-color":"","overlay-opacity":"","overlay-gradient":""},"tablet":{"background-color":"","background-image":"","background-repeat":"repeat","background-position":"center center","background-size":"auto","background-attachment":"scroll","background-type":"","background-media":"","overlay-type":"","overlay-color":"","overlay-opacity":"","overlay-gradient":""},"mobile":{"background-color":"","background-image":"","background-repeat":"repeat","background-position":"center center","background-size":"auto","background-attachment":"scroll","background-type":"","background-media":"","overlay-type":"","overlay-color":"","overlay-opacity":"","overlay-gradient":""}},"ast-content-background-meta":{"desktop":{"background-color":"var(--ast-global-color-5)","background-image":"","background-repeat":"repeat","background-position":"center center","background-size":"auto","background-attachment":"scroll","background-type":"","background-media":"","overlay-type":"","overlay-color":"","overlay-opacity":"","overlay-gradient":""},"tablet":{"background-color":"var(--ast-global-color-5)","background-image":"","background-repeat":"repeat","background-position":"center center","background-size":"auto","background-attachment":"scroll","background-type":"","background-media":"","overlay-type":"","overlay-color":"","overlay-opacity":"","overlay-gradient":""},"mobile":{"background-color":"var(--ast-global-color-5)","background-image":"","background-repeat":"repeat","background-position":"center center","background-size":"auto","background-attachment":"scroll","background-type":"","background-media":"","overlay-type":"","overlay-color":"","overlay-opacity":"","overlay-gradient":""}},"footnotes":""},"class_list":["post-5410","page","type-page","status-publish","hentry"],"yoast_head":"<!-- This site is optimized with the Yoast SEO plugin v25.6 - https:\/\/yoast.com\/wordpress\/plugins\/seo\/ -->\n<title>Trikovi i savjeti - Smartingo<\/title>\n<meta name=\"robots\" content=\"index, follow, max-snippet:-1, max-image-preview:large, max-video-preview:-1\" \/>\n<link rel=\"canonical\" href=\"https:\/\/smartingo.com\/hr\/trikovi-i-savjeti\/\" \/>\n<meta property=\"og:locale\" content=\"hr_HR\" \/>\n<meta property=\"og:type\" content=\"article\" \/>\n<meta property=\"og:title\" content=\"Trikovi i savjeti - Smartingo\" \/>\n<meta property=\"og:description\" content=\"Trikovi i savjeti\" \/>\n<meta property=\"og:url\" content=\"https:\/\/smartingo.com\/hr\/trikovi-i-savjeti\/\" \/>\n<meta property=\"og:site_name\" content=\"Smartingo\" \/>\n<meta property=\"article:publisher\" content=\"https:\/\/web.facebook.com\/smartingomarketing\" \/>\n<meta property=\"article:modified_time\" content=\"2022-05-02T12:35:16+00:00\" \/>\n<meta name=\"twitter:card\" content=\"summary_large_image\" \/>\n<script type=\"application\/ld+json\" class=\"yoast-schema-graph\">{\"@context\":\"https:\/\/schema.org\",\"@graph\":[{\"@type\":\"WebPage\",\"@id\":\"https:\/\/smartingo.com\/hr\/trikovi-i-savjeti\/\",\"url\":\"https:\/\/smartingo.com\/hr\/trikovi-i-savjeti\/\",\"name\":\"Trikovi i savjeti - Smartingo\",\"isPartOf\":{\"@id\":\"https:\/\/smartingo.com\/#website\"},\"datePublished\":\"2020-04-17T12:30:30+00:00\",\"dateModified\":\"2022-05-02T12:35:16+00:00\",\"breadcrumb\":{\"@id\":\"https:\/\/smartingo.com\/hr\/trikovi-i-savjeti\/#breadcrumb\"},\"inLanguage\":\"hr\",\"potentialAction\":[{\"@type\":\"ReadAction\",\"target\":[\"https:\/\/smartingo.com\/hr\/trikovi-i-savjeti\/\"]}]},{\"@type\":\"BreadcrumbList\",\"@id\":\"https:\/\/smartingo.com\/hr\/trikovi-i-savjeti\/#breadcrumb\",\"itemListElement\":[{\"@type\":\"ListItem\",\"position\":1,\"name\":\"Home\",\"item\":\"https:\/\/smartingo.com\/hr\/pocetna\/\"},{\"@type\":\"ListItem\",\"position\":2,\"name\":\"Trikovi i savjeti\"}]},{\"@type\":\"WebSite\",\"@id\":\"https:\/\/smartingo.com\/#website\",\"url\":\"https:\/\/smartingo.com\/\",\"name\":\"Smartingo\",\"description\":\"Internet Marketing Agency\",\"publisher\":{\"@id\":\"https:\/\/smartingo.com\/#organization\"},\"potentialAction\":[{\"@type\":\"SearchAction\",\"target\":{\"@type\":\"EntryPoint\",\"urlTemplate\":\"https:\/\/smartingo.com\/?s={search_term_string}\"},\"query-input\":{\"@type\":\"PropertyValueSpecification\",\"valueRequired\":true,\"valueName\":\"search_term_string\"}}],\"inLanguage\":\"hr\"},{\"@type\":\"Organization\",\"@id\":\"https:\/\/smartingo.com\/#organization\",\"name\":\"Smartingo\",\"url\":\"https:\/\/smartingo.com\/\",\"logo\":{\"@type\":\"ImageObject\",\"inLanguage\":\"hr\",\"@id\":\"https:\/\/smartingo.com\/#\/schema\/logo\/image\/\",\"url\":\"https:\/\/smartingo.com\/wp-content\/uploads\/2020\/04\/cropped-Logo-CDST-png512.png\",\"contentUrl\":\"https:\/\/smartingo.com\/wp-content\/uploads\/2020\/04\/cropped-Logo-CDST-png512.png\",\"width\":512,\"height\":512,\"caption\":\"Smartingo\"},\"image\":{\"@id\":\"https:\/\/smartingo.com\/#\/schema\/logo\/image\/\"},\"sameAs\":[\"https:\/\/web.facebook.com\/smartingomarketing\",\"https:\/\/www.instagram.com\/smartingomarketing\/\"]}]}<\/script>\n<!-- \/ Yoast SEO plugin. -->","yoast_head_json":{"title":"Trikovi i savjeti - Smartingo","robots":{"index":"index","follow":"follow","max-snippet":"max-snippet:-1","max-image-preview":"max-image-preview:large","max-video-preview":"max-video-preview:-1"},"canonical":"https:\/\/smartingo.com\/hr\/trikovi-i-savjeti\/","og_locale":"hr_HR","og_type":"article","og_title":"Trikovi i savjeti - Smartingo","og_description":"Trikovi i savjeti","og_url":"https:\/\/smartingo.com\/hr\/trikovi-i-savjeti\/","og_site_name":"Smartingo","article_publisher":"https:\/\/web.facebook.com\/smartingomarketing","article_modified_time":"2022-05-02T12:35:16+00:00","twitter_card":"summary_large_image","schema":{"@context":"https:\/\/schema.org","@graph":[{"@type":"WebPage","@id":"https:\/\/smartingo.com\/hr\/trikovi-i-savjeti\/","url":"https:\/\/smartingo.com\/hr\/trikovi-i-savjeti\/","name":"Trikovi i savjeti - Smartingo","isPartOf":{"@id":"https:\/\/smartingo.com\/#website"},"datePublished":"2020-04-17T12:30:30+00:00","dateModified":"2022-05-02T12:35:16+00:00","breadcrumb":{"@id":"https:\/\/smartingo.com\/hr\/trikovi-i-savjeti\/#breadcrumb"},"inLanguage":"hr","potentialAction":[{"@type":"ReadAction","target":["https:\/\/smartingo.com\/hr\/trikovi-i-savjeti\/"]}]},{"@type":"BreadcrumbList","@id":"https:\/\/smartingo.com\/hr\/trikovi-i-savjeti\/#breadcrumb","itemListElement":[{"@type":"ListItem","position":1,"name":"Home","item":"https:\/\/smartingo.com\/hr\/pocetna\/"},{"@type":"ListItem","position":2,"name":"Trikovi i savjeti"}]},{"@type":"WebSite","@id":"https:\/\/smartingo.com\/#website","url":"https:\/\/smartingo.com\/","name":"Smartingo","description":"Internet Marketing Agency","publisher":{"@id":"https:\/\/smartingo.com\/#organization"},"potentialAction":[{"@type":"SearchAction","target":{"@type":"EntryPoint","urlTemplate":"https:\/\/smartingo.com\/?s={search_term_string}"},"query-input":{"@type":"PropertyValueSpecification","valueRequired":true,"valueName":"search_term_string"}}],"inLanguage":"hr"},{"@type":"Organization","@id":"https:\/\/smartingo.com\/#organization","name":"Smartingo","url":"https:\/\/smartingo.com\/","logo":{"@type":"ImageObject","inLanguage":"hr","@id":"https:\/\/smartingo.com\/#\/schema\/logo\/image\/","url":"https:\/\/smartingo.com\/wp-content\/uploads\/2020\/04\/cropped-Logo-CDST-png512.png","contentUrl":"https:\/\/smartingo.com\/wp-content\/uploads\/2020\/04\/cropped-Logo-CDST-png512.png","width":512,"height":512,"caption":"Smartingo"},"image":{"@id":"https:\/\/smartingo.com\/#\/schema\/logo\/image\/"},"sameAs":["https:\/\/web.facebook.com\/smartingomarketing","https:\/\/www.instagram.com\/smartingomarketing\/"]}]}},"_links":{"self":[{"href":"https:\/\/smartingo.com\/hr\/wp-json\/wp\/v2\/pages\/5410","targetHints":{"allow":["GET"]}}],"collection":[{"href":"https:\/\/smartingo.com\/hr\/wp-json\/wp\/v2\/pages"}],"about":[{"href":"https:\/\/smartingo.com\/hr\/wp-json\/wp\/v2\/types\/page"}],"author":[{"embeddable":true,"href":"https:\/\/smartingo.com\/hr\/wp-json\/wp\/v2\/users\/1"}],"replies":[{"embeddable":true,"href":"https:\/\/smartingo.com\/hr\/wp-json\/wp\/v2\/comments?post=5410"}],"version-history":[{"count":3,"href":"https:\/\/smartingo.com\/hr\/wp-json\/wp\/v2\/pages\/5410\/revisions"}],"predecessor-version":[{"id":5413,"href":"https:\/\/smartingo.com\/hr\/wp-json\/wp\/v2\/pages\/5410\/revisions\/5413"}],"wp:attachment":[{"href":"https:\/\/smartingo.com\/hr\/wp-json\/wp\/v2\/media?parent=5410"}],"curies":[{"name":"wp","href":"https:\/\/api.w.org\/{rel}","templated":true}]}}