{"id":5478,"date":"2020-04-20T08:47:21","date_gmt":"2020-04-20T08:47:21","guid":{"rendered":"https:\/\/smartingo.com\/besplatna-konzultacija\/"},"modified":"2022-05-20T05:47:23","modified_gmt":"2022-05-20T05:47:23","slug":"besplatna-konzultacija","status":"publish","type":"page","link":"https:\/\/smartingo.com\/hr\/besplatna-konzultacija\/","title":{"rendered":"Besplatna konzultacija"},"content":{"rendered":"\t\t<div data-elementor-type=\"wp-page\" data-elementor-id=\"5478\" class=\"elementor elementor-5478 elementor-2550\" data-elementor-post-type=\"page\">\n\t\t\t\t\t\t<section class=\"elementor-section elementor-top-section elementor-element elementor-element-677af10 elementor-section-height-min-height elementor-section-boxed elementor-section-height-default elementor-section-items-middle\" data-id=\"677af10\" data-element_type=\"section\" data-settings=\"{&quot;background_background&quot;:&quot;classic&quot;}\">\n\t\t\t\t\t\t<div class=\"elementor-container elementor-column-gap-default\">\n\t\t\t\t\t<div class=\"elementor-column elementor-col-100 elementor-top-column elementor-element elementor-element-b15aa5f\" data-id=\"b15aa5f\" data-element_type=\"column\">\n\t\t\t<div class=\"elementor-widget-wrap\">\n\t\t\t\t\t\t\t<\/div>\n\t\t<\/div>\n\t\t\t\t\t<\/div>\n\t\t<\/section>\n\t\t\t\t<section class=\"elementor-section elementor-top-section elementor-element elementor-element-aeddc6a elementor-section-boxed elementor-section-height-default elementor-section-height-default\" data-id=\"aeddc6a\" data-element_type=\"section\">\n\t\t\t\t\t\t<div class=\"elementor-container elementor-column-gap-default\">\n\t\t\t\t\t<div class=\"elementor-column elementor-col-50 elementor-top-column elementor-element elementor-element-c68c6d5\" data-id=\"c68c6d5\" data-element_type=\"column\">\n\t\t\t<div class=\"elementor-widget-wrap elementor-element-populated\">\n\t\t\t\t\t\t<div class=\"elementor-element elementor-element-848db5e elementor-widget elementor-widget-heading\" data-id=\"848db5e\" data-element_type=\"widget\" data-widget_type=\"heading.default\">\n\t\t\t\t<div class=\"elementor-widget-container\">\n\t\t\t\t\t<h2 class=\"elementor-heading-title elementor-size-default\">Besplatna marketing konzultacija<\/h2>\t\t\t\t<\/div>\n\t\t\t\t<\/div>\n\t\t\t\t<div class=\"elementor-element elementor-element-6fdf205 elementor-widget elementor-widget-text-editor\" data-id=\"6fdf205\" data-element_type=\"widget\" data-widget_type=\"text-editor.default\">\n\t\t\t\t<div class=\"elementor-widget-container\">\n\t\t\t\t\t\t\t\t\t<span style=\"font-weight: 400;\">Ako trebate besplatno savjetovanje o digitalnom marketingu i analizu svojih postoje\u0107ih marketin\u0161kih kanala, do\u0161li ste na pravo mjesto. Na\u0161i stru\u010dnjaci su vam na raspolaganju tijekom 30 minuta Zoom video poziva.<\/span>\r\n\r\n<span style=\"font-weight: 400;\">Pregledat \u0107emo va\u0161e trenutne prodajne i marketin\u0161ke aktivnosti i dati vam konkretne upute i savjete za pobolj\u0161anje va\u0161e prodaje kroz digitalni marketing.\u00a0<\/span>\r\n\r\n<span style=\"font-weight: 400;\">Zatra\u017eite va\u0161u besplatnu konzultaciju ve\u0107 danas.<\/span>\t\t\t\t\t\t\t\t<\/div>\n\t\t\t\t<\/div>\n\t\t\t\t\t<\/div>\n\t\t<\/div>\n\t\t\t\t<div class=\"elementor-column elementor-col-50 elementor-top-column elementor-element elementor-element-570bb19\" data-id=\"570bb19\" data-element_type=\"column\">\n\t\t\t<div class=\"elementor-widget-wrap elementor-element-populated\">\n\t\t\t\t\t\t<div class=\"elementor-element elementor-element-37da586 elementor-widget elementor-widget-text-editor\" data-id=\"37da586\" data-element_type=\"widget\" data-widget_type=\"text-editor.default\">\n\t\t\t\t<div class=\"elementor-widget-container\">\n\t\t\t\t\t\t\t\t\t<noscript class=\"ninja-forms-noscript-message\">\n\tNotice: JavaScript is required for this content.<\/noscript>\n<div id=\"nf-form-2-cont\" class=\"nf-form-cont\" aria-live=\"polite\" aria-labelledby=\"nf-form-title-2\" aria-describedby=\"nf-form-errors-2\" role=\"form\">\n\n    <div class=\"nf-loading-spinner\"><\/div>\n\n<\/div>\n        <!-- That data is being printed as a workaround to page builders reordering the order of the scripts loaded-->\n        <script>var formDisplay=1;var nfForms=nfForms||[];var form=[];form.id='2';form.settings={\"objectType\":\"Form Setting\",\"editActive\":true,\"title\":\"Free Consultation\",\"show_title\":0,\"clear_complete\":1,\"hide_complete\":1,\"default_label_pos\":\"above\",\"wrapper_class\":\"\",\"element_class\":\"\",\"key\":\"\",\"add_submit\":0,\"currency\":\"\",\"unique_field_error\":\"A form with this value has already been submitted.\",\"logged_in\":false,\"not_logged_in_msg\":\"\",\"sub_limit_msg\":\"The form has reached its submission limit.\",\"calculations\":[],\"formContentData\":[\"your_name_1541876109625\",\"email_1541876083939\",\"contact_phone_1541876121113\",\"your_website_link_1541876781512\",\"get_your_free_consultation_1632305857595\"],\"changeEmailErrorMsg\":\"Please enter a valid email address!\",\"changeDateErrorMsg\":\"Please enter a valid date!\",\"confirmFieldErrorMsg\":\"These fields must match!\",\"fieldNumberNumMinError\":\"Number Min Error\",\"fieldNumberNumMaxError\":\"Number Max Error\",\"fieldNumberIncrementBy\":\"Please increment by \",\"formErrorsCorrectErrors\":\"Please correct errors before submitting this form.\",\"validateRequiredField\":\"This is a required field.\",\"honeypotHoneypotError\":\"Honeypot Error\",\"fieldsMarkedRequired\":\"Fields marked with an <span class=\\\"ninja-forms-req-symbol\\\">*<\\\/span> are required\",\"drawerDisabled\":false,\"allow_public_link\":0,\"embed_form\":\"\",\"repeatable_fieldsets\":\"\",\"ninjaForms\":\"Ninja Forms\",\"fieldTextareaRTEInsertLink\":\"Insert Link\",\"fieldTextareaRTEInsertMedia\":\"Insert Media\",\"fieldTextareaRTESelectAFile\":\"Select a file\",\"formHoneypot\":\"If you are a human seeing this field, please leave it empty.\",\"fileUploadOldCodeFileUploadInProgress\":\"File Upload in Progress.\",\"fileUploadOldCodeFileUpload\":\"FILE UPLOAD\",\"currencySymbol\":false,\"thousands_sep\":\".\",\"decimal_point\":\".\",\"siteLocale\":\"hr\",\"dateFormat\":\"m\\\/d\\\/Y\",\"startOfWeek\":\"1\",\"of\":\"of\",\"previousMonth\":\"Previous Month\",\"nextMonth\":\"Next Month\",\"months\":[\"January\",\"February\",\"March\",\"April\",\"May\",\"June\",\"July\",\"August\",\"September\",\"October\",\"November\",\"December\"],\"monthsShort\":[\"Jan\",\"Feb\",\"Mar\",\"Apr\",\"May\",\"Jun\",\"Jul\",\"Aug\",\"Sep\",\"Oct\",\"Nov\",\"Dec\"],\"weekdays\":[\"Sunday\",\"Monday\",\"Tuesday\",\"Wednesday\",\"Thursday\",\"Friday\",\"Saturday\"],\"weekdaysShort\":[\"Sun\",\"Mon\",\"Tue\",\"Wed\",\"Thu\",\"Fri\",\"Sat\"],\"weekdaysMin\":[\"Su\",\"Mo\",\"Tu\",\"We\",\"Th\",\"Fr\",\"Sa\"],\"recaptchaConsentMissing\":\"reCaptcha validation couldn&#039;t load.\",\"recaptchaMissingCookie\":\"reCaptcha v3 validation couldn&#039;t load the cookie needed to submit the form.\",\"recaptchaConsentEvent\":\"Accept reCaptcha cookies before sending the form.\",\"currency_symbol\":\"\",\"beforeForm\":\"\",\"beforeFields\":\"\",\"afterFields\":\"\",\"afterForm\":\"\"};form.fields=[{\"objectType\":\"Field\",\"objectDomain\":\"fields\",\"editActive\":false,\"order\":1,\"idAttribute\":\"id\",\"label\":\"Your Name\",\"type\":\"firstname\",\"key\":\"your_name_1541876109625\",\"label_pos\":\"above\",\"required\":1,\"default\":\"\",\"placeholder\":\"\",\"container_class\":\"\",\"element_class\":\"\",\"admin_label\":\"\",\"help_text\":\"\",\"custom_name_attribute\":\"fname\",\"personally_identifiable\":1,\"value\":\"\",\"id\":5,\"beforeField\":\"\",\"afterField\":\"\",\"parentType\":\"firstname\",\"element_templates\":[\"firstname\",\"input\"],\"old_classname\":\"\",\"wrap_template\":\"wrap\"},{\"objectType\":\"Field\",\"objectDomain\":\"fields\",\"editActive\":false,\"order\":2,\"idAttribute\":\"id\",\"type\":\"email\",\"label\":\"Email\",\"key\":\"email_1541876083939\",\"label_pos\":\"above\",\"required\":1,\"default\":\"\",\"placeholder\":\"\",\"container_class\":\"\",\"element_class\":\"\",\"admin_label\":\"\",\"help_text\":\"\",\"custom_name_attribute\":\"email\",\"personally_identifiable\":1,\"value\":\"\",\"id\":6,\"beforeField\":\"\",\"afterField\":\"\",\"parentType\":\"email\",\"element_templates\":[\"email\",\"input\"],\"old_classname\":\"\",\"wrap_template\":\"wrap\"},{\"objectType\":\"Field\",\"objectDomain\":\"fields\",\"editActive\":false,\"order\":3,\"idAttribute\":\"id\",\"type\":\"phone\",\"label\":\"Contact phone\",\"key\":\"contact_phone_1541876121113\",\"label_pos\":\"above\",\"required\":1,\"default\":\"\",\"placeholder\":\"\",\"container_class\":\"\",\"element_class\":\"\",\"input_limit\":\"\",\"input_limit_type\":\"characters\",\"input_limit_msg\":\"Character(s) left\",\"manual_key\":false,\"admin_label\":\"\",\"help_text\":\"\",\"mask\":\"\",\"custom_mask\":\"\",\"custom_name_attribute\":\"phone\",\"personally_identifiable\":1,\"drawerDisabled\":false,\"value\":\"\",\"id\":7,\"beforeField\":\"\",\"afterField\":\"\",\"parentType\":\"textbox\",\"element_templates\":[\"tel\",\"textbox\",\"input\"],\"old_classname\":\"\",\"wrap_template\":\"wrap\"},{\"objectType\":\"Field\",\"objectDomain\":\"fields\",\"editActive\":false,\"order\":4,\"idAttribute\":\"id\",\"type\":\"textbox\",\"label\":\"Your website link\",\"key\":\"your_website_link_1541876781512\",\"label_pos\":\"above\",\"required\":0,\"default\":\"\",\"placeholder\":\"(or the name of your business)\",\"container_class\":\"\",\"element_class\":\"\",\"input_limit\":\"\",\"input_limit_type\":\"characters\",\"input_limit_msg\":\"Character(s) left\",\"manual_key\":false,\"admin_label\":\"\",\"help_text\":\"\",\"mask\":\"\",\"custom_mask\":\"\",\"custom_name_attribute\":\"\",\"personally_identifiable\":\"\",\"drawerDisabled\":false,\"value\":\"\",\"id\":10,\"beforeField\":\"\",\"afterField\":\"\",\"parentType\":\"textbox\",\"element_templates\":[\"textbox\",\"input\"],\"old_classname\":\"\",\"wrap_template\":\"wrap\"},{\"objectType\":\"Field\",\"objectDomain\":\"fields\",\"editActive\":false,\"order\":5,\"idAttribute\":\"id\",\"type\":\"submit\",\"label\":\"Get your Free Consultation\",\"processing_label\":\"Processing\",\"container_class\":\"\",\"element_class\":\"\",\"key\":\"get_your_free_consultation_1632305857595\",\"drawerDisabled\":false,\"id\":9,\"beforeField\":\"\",\"afterField\":\"\",\"value\":\"\",\"label_pos\":\"above\",\"parentType\":\"textbox\",\"element_templates\":[\"submit\",\"button\",\"input\"],\"old_classname\":\"\",\"wrap_template\":\"wrap-no-label\"}];nfForms.push(form);<\/script>\n        \t\t\t\t\t\t\t\t<\/div>\n\t\t\t\t<\/div>\n\t\t\t\t\t<\/div>\n\t\t<\/div>\n\t\t\t\t\t<\/div>\n\t\t<\/section>\n\t\t\t\t<section class=\"elementor-section elementor-top-section elementor-element elementor-element-5cd2ebd8 elementor-section-stretched elementor-section-boxed elementor-section-height-default elementor-section-height-default\" data-id=\"5cd2ebd8\" data-element_type=\"section\" data-settings=\"{&quot;stretch_section&quot;:&quot;section-stretched&quot;,&quot;background_background&quot;:&quot;classic&quot;}\">\n\t\t\t\t\t\t<div class=\"elementor-container elementor-column-gap-default\">\n\t\t\t\t\t<div class=\"elementor-column elementor-col-100 elementor-top-column elementor-element elementor-element-818e541\" data-id=\"818e541\" data-element_type=\"column\">\n\t\t\t<div class=\"elementor-widget-wrap elementor-element-populated\">\n\t\t\t\t\t\t<section class=\"elementor-section elementor-inner-section elementor-element elementor-element-77d44d3b elementor-section-boxed elementor-section-height-default elementor-section-height-default\" data-id=\"77d44d3b\" data-element_type=\"section\">\n\t\t\t\t\t\t<div class=\"elementor-container elementor-column-gap-default\">\n\t\t\t\t\t<div class=\"elementor-column elementor-col-50 elementor-inner-column elementor-element elementor-element-4da2cc8b\" data-id=\"4da2cc8b\" data-element_type=\"column\">\n\t\t\t<div class=\"elementor-widget-wrap elementor-element-populated\">\n\t\t\t\t\t\t<div class=\"elementor-element elementor-element-2dbcc99c elementor-widget elementor-widget-heading\" data-id=\"2dbcc99c\" data-element_type=\"widget\" data-widget_type=\"heading.default\">\n\t\t\t\t<div class=\"elementor-widget-container\">\n\t\t\t\t\t<h2 class=\"elementor-heading-title elementor-size-default\">Ako imate pitanja, slobodno nas kontaktirajte<\/h2>\t\t\t\t<\/div>\n\t\t\t\t<\/div>\n\t\t\t\t\t<\/div>\n\t\t<\/div>\n\t\t\t\t<div class=\"elementor-column elementor-col-50 elementor-inner-column elementor-element elementor-element-7e5d088d\" data-id=\"7e5d088d\" data-element_type=\"column\">\n\t\t\t<div class=\"elementor-widget-wrap elementor-element-populated\">\n\t\t\t\t\t\t<div class=\"elementor-element elementor-element-59bf13ec elementor-align-center elementor-widget elementor-widget-button\" data-id=\"59bf13ec\" data-element_type=\"widget\" data-widget_type=\"button.default\">\n\t\t\t\t<div class=\"elementor-widget-container\">\n\t\t\t\t\t\t\t\t\t<div class=\"elementor-button-wrapper\">\n\t\t\t\t\t<a class=\"elementor-button elementor-button-link elementor-size-sm\" href=\"https:\/\/smartingo.com\/contact\/\">\n\t\t\t\t\t\t<span class=\"elementor-button-content-wrapper\">\n\t\t\t\t\t\t\t\t\t<span class=\"elementor-button-text\">Kontaktirajte nas<\/span>\n\t\t\t\t\t<\/span>\n\t\t\t\t\t<\/a>\n\t\t\t\t<\/div>\n\t\t\t\t\t\t\t\t<\/div>\n\t\t\t\t<\/div>\n\t\t\t\t\t<\/div>\n\t\t<\/div>\n\t\t\t\t\t<\/div>\n\t\t<\/section>\n\t\t\t\t\t<\/div>\n\t\t<\/div>\n\t\t\t\t\t<\/div>\n\t\t<\/section>\n\t\t\t\t<\/div>\n\t\t","protected":false},"excerpt":{"rendered":"<p>Besplatna marketing konzultacija Ako trebate besplatno savjetovanje o digitalnom marketingu i analizu svojih postoje\u0107ih marketin\u0161kih kanala, do\u0161li ste na pravo mjesto. Na\u0161i stru\u010dnjaci su vam na raspolaganju tijekom 30 minuta Zoom video poziva. Pregledat \u0107emo va\u0161e trenutne prodajne i marketin\u0161ke aktivnosti i dati vam konkretne upute i savjete za pobolj\u0161anje va\u0161e prodaje kroz digitalni marketing.\u00a0 [&hellip;]<\/p>\n","protected":false},"author":1,"featured_media":0,"parent":0,"menu_order":0,"comment_status":"closed","ping_status":"closed","template":"","meta":{"site-sidebar-layout":"no-sidebar","site-content-layout":"page-builder","ast-site-content-layout":"default","site-content-style":"default","site-sidebar-style":"default","ast-global-header-display":"","ast-banner-title-visibility":"","ast-main-header-display":"","ast-hfb-above-header-display":"","ast-hfb-below-header-display":"","ast-hfb-mobile-header-display":"","site-post-title":"disabled","ast-breadcrumbs-content":"","ast-featured-img":"disabled","footer-sml-layout":"","theme-transparent-header-meta":"default","adv-header-id-meta":"","stick-header-meta":"default","header-above-stick-meta":"","header-main-stick-meta":"","header-below-stick-meta":"","astra-migrate-meta-layouts":"default","ast-page-background-enabled":"default","ast-page-background-meta":{"desktop":{"background-color":"","background-image":"","background-repeat":"repeat","background-position":"center center","background-size":"auto","background-attachment":"scroll","background-type":"","background-media":"","overlay-type":"","overlay-color":"","overlay-opacity":"","overlay-gradient":""},"tablet":{"background-color":"","background-image":"","background-repeat":"repeat","background-position":"center center","background-size":"auto","background-attachment":"scroll","background-type":"","background-media":"","overlay-type":"","overlay-color":"","overlay-opacity":"","overlay-gradient":""},"mobile":{"background-color":"","background-image":"","background-repeat":"repeat","background-position":"center center","background-size":"auto","background-attachment":"scroll","background-type":"","background-media":"","overlay-type":"","overlay-color":"","overlay-opacity":"","overlay-gradient":""}},"ast-content-background-meta":{"desktop":{"background-color":"var(--ast-global-color-5)","background-image":"","background-repeat":"repeat","background-position":"center center","background-size":"auto","background-attachment":"scroll","background-type":"","background-media":"","overlay-type":"","overlay-color":"","overlay-opacity":"","overlay-gradient":""},"tablet":{"background-color":"var(--ast-global-color-5)","background-image":"","background-repeat":"repeat","background-position":"center center","background-size":"auto","background-attachment":"scroll","background-type":"","background-media":"","overlay-type":"","overlay-color":"","overlay-opacity":"","overlay-gradient":""},"mobile":{"background-color":"var(--ast-global-color-5)","background-image":"","background-repeat":"repeat","background-position":"center center","background-size":"auto","background-attachment":"scroll","background-type":"","background-media":"","overlay-type":"","overlay-color":"","overlay-opacity":"","overlay-gradient":""}},"footnotes":""},"class_list":["post-5478","page","type-page","status-publish","hentry"],"yoast_head":"<!-- This site is optimized with the Yoast SEO plugin v25.6 - https:\/\/yoast.com\/wordpress\/plugins\/seo\/ -->\n<title>Besplatna konzultacija - Smartingo<\/title>\n<meta name=\"robots\" content=\"index, follow, max-snippet:-1, max-image-preview:large, max-video-preview:-1\" \/>\n<link rel=\"canonical\" href=\"https:\/\/smartingo.com\/hr\/besplatna-konzultacija\/\" \/>\n<meta property=\"og:locale\" content=\"hr_HR\" \/>\n<meta property=\"og:type\" content=\"article\" \/>\n<meta property=\"og:title\" content=\"Besplatna konzultacija - Smartingo\" \/>\n<meta property=\"og:description\" content=\"Besplatna marketing konzultacija Ako trebate besplatno savjetovanje o digitalnom marketingu i analizu svojih postoje\u0107ih marketin\u0161kih kanala, do\u0161li ste na pravo mjesto. Na\u0161i stru\u010dnjaci su vam na raspolaganju tijekom 30 minuta Zoom video poziva. Pregledat \u0107emo va\u0161e trenutne prodajne i marketin\u0161ke aktivnosti i dati vam konkretne upute i savjete za pobolj\u0161anje va\u0161e prodaje kroz digitalni marketing.\u00a0 [&hellip;]\" \/>\n<meta property=\"og:url\" content=\"https:\/\/smartingo.com\/hr\/besplatna-konzultacija\/\" \/>\n<meta property=\"og:site_name\" content=\"Smartingo\" \/>\n<meta property=\"article:publisher\" content=\"https:\/\/web.facebook.com\/smartingomarketing\" \/>\n<meta property=\"article:modified_time\" content=\"2022-05-20T05:47:23+00:00\" \/>\n<meta name=\"twitter:card\" content=\"summary_large_image\" \/>\n<script type=\"application\/ld+json\" class=\"yoast-schema-graph\">{\"@context\":\"https:\/\/schema.org\",\"@graph\":[{\"@type\":\"WebPage\",\"@id\":\"https:\/\/smartingo.com\/hr\/besplatna-konzultacija\/\",\"url\":\"https:\/\/smartingo.com\/hr\/besplatna-konzultacija\/\",\"name\":\"Besplatna konzultacija - Smartingo\",\"isPartOf\":{\"@id\":\"https:\/\/smartingo.com\/#website\"},\"datePublished\":\"2020-04-20T08:47:21+00:00\",\"dateModified\":\"2022-05-20T05:47:23+00:00\",\"breadcrumb\":{\"@id\":\"https:\/\/smartingo.com\/hr\/besplatna-konzultacija\/#breadcrumb\"},\"inLanguage\":\"hr\",\"potentialAction\":[{\"@type\":\"ReadAction\",\"target\":[\"https:\/\/smartingo.com\/hr\/besplatna-konzultacija\/\"]}]},{\"@type\":\"BreadcrumbList\",\"@id\":\"https:\/\/smartingo.com\/hr\/besplatna-konzultacija\/#breadcrumb\",\"itemListElement\":[{\"@type\":\"ListItem\",\"position\":1,\"name\":\"Home\",\"item\":\"https:\/\/smartingo.com\/hr\/pocetna\/\"},{\"@type\":\"ListItem\",\"position\":2,\"name\":\"Besplatna konzultacija\"}]},{\"@type\":\"WebSite\",\"@id\":\"https:\/\/smartingo.com\/#website\",\"url\":\"https:\/\/smartingo.com\/\",\"name\":\"Smartingo\",\"description\":\"Internet Marketing Agency\",\"publisher\":{\"@id\":\"https:\/\/smartingo.com\/#organization\"},\"potentialAction\":[{\"@type\":\"SearchAction\",\"target\":{\"@type\":\"EntryPoint\",\"urlTemplate\":\"https:\/\/smartingo.com\/?s={search_term_string}\"},\"query-input\":{\"@type\":\"PropertyValueSpecification\",\"valueRequired\":true,\"valueName\":\"search_term_string\"}}],\"inLanguage\":\"hr\"},{\"@type\":\"Organization\",\"@id\":\"https:\/\/smartingo.com\/#organization\",\"name\":\"Smartingo\",\"url\":\"https:\/\/smartingo.com\/\",\"logo\":{\"@type\":\"ImageObject\",\"inLanguage\":\"hr\",\"@id\":\"https:\/\/smartingo.com\/#\/schema\/logo\/image\/\",\"url\":\"https:\/\/smartingo.com\/wp-content\/uploads\/2020\/04\/cropped-Logo-CDST-png512.png\",\"contentUrl\":\"https:\/\/smartingo.com\/wp-content\/uploads\/2020\/04\/cropped-Logo-CDST-png512.png\",\"width\":512,\"height\":512,\"caption\":\"Smartingo\"},\"image\":{\"@id\":\"https:\/\/smartingo.com\/#\/schema\/logo\/image\/\"},\"sameAs\":[\"https:\/\/web.facebook.com\/smartingomarketing\",\"https:\/\/www.instagram.com\/smartingomarketing\/\"]}]}<\/script>\n<!-- \/ Yoast SEO plugin. -->","yoast_head_json":{"title":"Besplatna konzultacija - Smartingo","robots":{"index":"index","follow":"follow","max-snippet":"max-snippet:-1","max-image-preview":"max-image-preview:large","max-video-preview":"max-video-preview:-1"},"canonical":"https:\/\/smartingo.com\/hr\/besplatna-konzultacija\/","og_locale":"hr_HR","og_type":"article","og_title":"Besplatna konzultacija - Smartingo","og_description":"Besplatna marketing konzultacija Ako trebate besplatno savjetovanje o digitalnom marketingu i analizu svojih postoje\u0107ih marketin\u0161kih kanala, do\u0161li ste na pravo mjesto. Na\u0161i stru\u010dnjaci su vam na raspolaganju tijekom 30 minuta Zoom video poziva. Pregledat \u0107emo va\u0161e trenutne prodajne i marketin\u0161ke aktivnosti i dati vam konkretne upute i savjete za pobolj\u0161anje va\u0161e prodaje kroz digitalni marketing.\u00a0 [&hellip;]","og_url":"https:\/\/smartingo.com\/hr\/besplatna-konzultacija\/","og_site_name":"Smartingo","article_publisher":"https:\/\/web.facebook.com\/smartingomarketing","article_modified_time":"2022-05-20T05:47:23+00:00","twitter_card":"summary_large_image","schema":{"@context":"https:\/\/schema.org","@graph":[{"@type":"WebPage","@id":"https:\/\/smartingo.com\/hr\/besplatna-konzultacija\/","url":"https:\/\/smartingo.com\/hr\/besplatna-konzultacija\/","name":"Besplatna konzultacija - Smartingo","isPartOf":{"@id":"https:\/\/smartingo.com\/#website"},"datePublished":"2020-04-20T08:47:21+00:00","dateModified":"2022-05-20T05:47:23+00:00","breadcrumb":{"@id":"https:\/\/smartingo.com\/hr\/besplatna-konzultacija\/#breadcrumb"},"inLanguage":"hr","potentialAction":[{"@type":"ReadAction","target":["https:\/\/smartingo.com\/hr\/besplatna-konzultacija\/"]}]},{"@type":"BreadcrumbList","@id":"https:\/\/smartingo.com\/hr\/besplatna-konzultacija\/#breadcrumb","itemListElement":[{"@type":"ListItem","position":1,"name":"Home","item":"https:\/\/smartingo.com\/hr\/pocetna\/"},{"@type":"ListItem","position":2,"name":"Besplatna konzultacija"}]},{"@type":"WebSite","@id":"https:\/\/smartingo.com\/#website","url":"https:\/\/smartingo.com\/","name":"Smartingo","description":"Internet Marketing Agency","publisher":{"@id":"https:\/\/smartingo.com\/#organization"},"potentialAction":[{"@type":"SearchAction","target":{"@type":"EntryPoint","urlTemplate":"https:\/\/smartingo.com\/?s={search_term_string}"},"query-input":{"@type":"PropertyValueSpecification","valueRequired":true,"valueName":"search_term_string"}}],"inLanguage":"hr"},{"@type":"Organization","@id":"https:\/\/smartingo.com\/#organization","name":"Smartingo","url":"https:\/\/smartingo.com\/","logo":{"@type":"ImageObject","inLanguage":"hr","@id":"https:\/\/smartingo.com\/#\/schema\/logo\/image\/","url":"https:\/\/smartingo.com\/wp-content\/uploads\/2020\/04\/cropped-Logo-CDST-png512.png","contentUrl":"https:\/\/smartingo.com\/wp-content\/uploads\/2020\/04\/cropped-Logo-CDST-png512.png","width":512,"height":512,"caption":"Smartingo"},"image":{"@id":"https:\/\/smartingo.com\/#\/schema\/logo\/image\/"},"sameAs":["https:\/\/web.facebook.com\/smartingomarketing","https:\/\/www.instagram.com\/smartingomarketing\/"]}]}},"_links":{"self":[{"href":"https:\/\/smartingo.com\/hr\/wp-json\/wp\/v2\/pages\/5478","targetHints":{"allow":["GET"]}}],"collection":[{"href":"https:\/\/smartingo.com\/hr\/wp-json\/wp\/v2\/pages"}],"about":[{"href":"https:\/\/smartingo.com\/hr\/wp-json\/wp\/v2\/types\/page"}],"author":[{"embeddable":true,"href":"https:\/\/smartingo.com\/hr\/wp-json\/wp\/v2\/users\/1"}],"replies":[{"embeddable":true,"href":"https:\/\/smartingo.com\/hr\/wp-json\/wp\/v2\/comments?post=5478"}],"version-history":[{"count":1,"href":"https:\/\/smartingo.com\/hr\/wp-json\/wp\/v2\/pages\/5478\/revisions"}],"predecessor-version":[{"id":5479,"href":"https:\/\/smartingo.com\/hr\/wp-json\/wp\/v2\/pages\/5478\/revisions\/5479"}],"wp:attachment":[{"href":"https:\/\/smartingo.com\/hr\/wp-json\/wp\/v2\/media?parent=5478"}],"curies":[{"name":"wp","href":"https:\/\/api.w.org\/{rel}","templated":true}]}}